{"id":210,"date":"2017-09-01T17:51:02","date_gmt":"2017-09-01T17:51:02","guid":{"rendered":"http:\/\/demo.curlythemes.com\/art-gallery-wp\/?page_id=2"},"modified":"2022-12-08T10:59:16","modified_gmt":"2022-12-08T08:59:16","slug":"home","status":"publish","type":"page","link":"https:\/\/www.karaeduard.ro\/en\/","title":{"rendered":"Home"},"content":{"rendered":"<div data-stellar-offset-parent=\"true\"  class=\"vc_row wpb_row vc_row-fluid content-padding-xl\"><div  class=\"wpb_column vc_column_container vc_col-sm-12\"><div class=\"vc_column-inner\" style=\"\" ><div class=\"wpb_wrapper\">\n\t<div class=\"wpb_text_column wpb_content_element\" >\n\t\t<div class=\"wpb_wrapper\">\n\t\t\t<h1 class=\"special-title display-2\" style=\"text-align: center;\">Latest works<\/h1>\n\n\t\t<\/div>\n\t<\/div>\n\t\t<div class=\"wcs-timetable__wrapper\">\n\t\t\t<div class=\"wcs-vue\" id=\"wcs-app-1\"><\/div>\n\t\t<\/div>\n\t\t<\/div><\/div><\/div><\/div><div data-vc-full-width=\"true\" data-vc-full-width-init=\"false\" data-stellar-offset-parent=\"true\"  class=\"vc_row wpb_row vc_row-fluid content-padding-lg vc_custom_1503927399309 vc_row-has-fill\"><div  class=\"wpb_column vc_column_container vc_col-sm-10 vc_col-sm-offset-1\"><div class=\"vc_column-inner\" style=\"\" ><div class=\"wpb_wrapper\">\n\t<div class=\"wpb_text_column wpb_content_element\" >\n\t\t<div class=\"wpb_wrapper\">\n\t\t\t<h1 class=\"display-2\" style=\"text-align: center;\">Explore the paintings<\/h1>\n\n\t\t<\/div>\n\t<\/div>\n<div class=\"vc_empty_space  xtd-spacer--xl\"   style=\"height: 2rem\"><span class=\"vc_empty_space_inner\"><\/span><\/div>\n<div class=\"vc_grid-container-wrapper vc_clearfix vc_grid-animation-zoomIn\">\n\t<div class=\"vc_grid-container vc_clearfix wpb_content_element vc_masonry_grid\" data-initial-loading-animation=\"zoomIn\" data-vc-grid-settings=\"{&quot;page_id&quot;:1504,&quot;style&quot;:&quot;all-masonry&quot;,&quot;action&quot;:&quot;vc_get_vc_grid_data&quot;,&quot;shortcode_id&quot;:&quot;1670489948218-0ec5e835-d5ce-7&quot;,&quot;tag&quot;:&quot;vc_masonry_grid&quot;}\" data-vc-request=\"https:\/\/www.karaeduard.ro\/wp-admin\/admin-ajax.php\" data-vc-post-id=\"1504\" data-vc-public-nonce=\"4c6a7d7000\">\n\t\t\n\t<\/div>\n<\/div><div class=\"vc_empty_space  xtd-spacer--xl\"   style=\"height: 2rem\"><span class=\"vc_empty_space_inner\"><\/span><\/div><div class=\"vc_btn3-container vc_btn3-center\" ><a class=\"vc_general vc_btn3 vc_btn3-size-lg vc_btn3-shape-rounded vc_btn3-style-btn-outline-primary vc_btn3-icon-right vc_btn3-color-grey\" href=\"https:\/\/www.karaeduard.ro\/en\/picturi-de-sevalet\/\" title=\"\">View all works <i class=\"vc_btn3-icon\"><\/i><\/a><\/div><\/div><\/div><\/div><\/div><div class=\"vc_row-full-width vc_clearfix\"><\/div>","protected":false},"excerpt":{"rendered":"IPS P\u0103rinte Andrei Andreicu\u021b a condus Arhiepicopia Alba Iuliei \u00eentre anii 1990-2011. Pictura se afl\u0103 \u00een custodia Arhiepicopiei Ortodoxe Rom\u00e2ne a Alba Iuliei. Andrei Andreicu\u021b, pe numele de mirean\u00a0Ioan Andreicu\u021b, (n.\u00a024 ianuarie\u00a01949,\u00a0Oar\u021ba de Sus,\u00a0jude\u021bul S\u0103laj (interbelic), \u00een prezent \u00een\u00a0jude\u021bul Maramure\u0219) este din martie\u00a02011\u00a0mitropolit al\u00a0Mitropoliei Clujului. \u00cen anul\u00a01990, a devenit episcop al\u00a0Episcopiei Ortodoxe de Alba Iulia. \u00cen anul\u00a01998\u00a0episcopia p\u0103storit\u0103 de el [...]","protected":false},"author":1,"featured_media":0,"parent":0,"menu_order":0,"comment_status":"closed","ping_status":"open","template":"","meta":{"footnotes":""},"class_list":["post-210","page","type-page","status-publish","hentry"],"aioseo_notices":[],"_links":{"self":[{"href":"https:\/\/www.karaeduard.ro\/en\/wp-json\/wp\/v2\/pages\/210","targetHints":{"allow":["GET"]}}],"collection":[{"href":"https:\/\/www.karaeduard.ro\/en\/wp-json\/wp\/v2\/pages"}],"about":[{"href":"https:\/\/www.karaeduard.ro\/en\/wp-json\/wp\/v2\/types\/page"}],"author":[{"embeddable":true,"href":"https:\/\/www.karaeduard.ro\/en\/wp-json\/wp\/v2\/users\/1"}],"replies":[{"embeddable":true,"href":"https:\/\/www.karaeduard.ro\/en\/wp-json\/wp\/v2\/comments?post=210"}],"version-history":[{"count":24,"href":"https:\/\/www.karaeduard.ro\/en\/wp-json\/wp\/v2\/pages\/210\/revisions"}],"predecessor-version":[{"id":1496,"href":"https:\/\/www.karaeduard.ro\/en\/wp-json\/wp\/v2\/pages\/210\/revisions\/1496"}],"wp:attachment":[{"href":"https:\/\/www.karaeduard.ro\/en\/wp-json\/wp\/v2\/media?parent=210"}],"curies":[{"name":"wp","href":"https:\/\/api.w.org\/{rel}","templated":true}]}}